{"id":12664,"date":"2023-01-31T10:47:58","date_gmt":"2023-01-31T09:47:58","guid":{"rendered":"https:\/\/www.festivaldelladiplomazia.eu\/2022-transitions-and-contradictions-is-no-change-an-option\/"},"modified":"2024-02-01T10:13:09","modified_gmt":"2024-02-01T09:13:09","slug":"2022-transitions-and-contradictions-is-no-change-an-option","status":"publish","type":"page","link":"https:\/\/www.festivaldelladiplomazia.eu\/en\/2022-transitions-and-contradictions-is-no-change-an-option\/","title":{"rendered":"2022: TRANSITIONS AND CONTRADICTIONS <br>Is No Change an Option?"},"content":{"rendered":"<section class=\"section align\">\n\t<div class=\"container\">\n\t\t\t<div class=\"row\">\n\t\t\t<div class=\"col-12\">\n\t\t\t\t\t\t\t\t\t<h2>XIII EDITION OF DIPLOMACY FESTIVAL<\/h2>\n\t\t\t\t\t\t\t\t\t\t\t\t\t<h4>20 &#8211; 28 October 2022<\/h4>\n\t\t\t\t\t\t\t<\/div>\n\t\t<\/div>\n\t\t\t<div class=\"row\">\n\t\t\t\t\t\t<div class=\"col-lg-3 offset-lg-1 order-lg-2\">\n\t\t\t\t<figure class=\"squared\">\n\t\t\t\t\t<img decoding=\"async\" src=\"https:\/\/www.festivaldelladiplomazia.eu\/wp-content\/uploads\/2022\/09\/Layout-Diplomacy-Sito-quadrata-1.jpg\" alt=\"\">\n\t\t\t\t<\/figure>\n\t\t\t<\/div>\n\t\t\t\t\t<div class=\"col-lg-8\">\n\t\t\t\t<p>Il concetto di cambiamento, in tutte le sue accezioni, non \u00e8 mai stato cos\u00ec attuale: dalle trasformazioni climatiche alle nuove rotte che il mondo post pandemia dovr\u00e0 percorrere nella transizione verso nuovi equilibri geopolitici ed economici.<\/p>\n<p>Queste dinamiche si alimenteranno di profonde contraddizioni e solo un\u2019azione di analisi e sintesi permetter\u00e0 di comprendere quali strade percorrere. Dal bilanciamento dei macro-poteri, in uno scacchiere mondiale stravolto dal conflitto fra Russia e Ucraina, alle accelerazioni tecnologiche, fra meta-verso e intelligenza artificiale, la politica prova a offrire risposte intermedie che stentano a gestire le trasformazioni in corso. Cresce, allo stesso tempo, la consapevolezza che la dimensione umana alimenti sempre pi\u00f9 il dibattito e sar\u00e0 proprio questa energia ad aiutare la comprensione del futuro e della sua sostenibilit\u00e0.<\/p>\n<p>La XIII edizione del Festival \u201cTransitions and Contradictions: Is No Change an Option?\u201d ha approfondito queste tematiche nel corso di 9 giorni di conferenze, incontri ed eventi speciali dal 20 al 28 ottobre 2022. I contenuti in streaming sono stati trasmessi sui Diplochannels e sul <a href=\"https:\/\/www.youtube.com\/channel\/UCcYIKnm2m4eaau84mwrHgcw\">Canale Youtube del Festival<\/a>.<\/p>\n<h2><strong>\u00a0<\/strong><\/h2>\n<p>&nbsp;<\/p>\n\n\t\t\t\t<a class=\"btn\" href=\"https:\/\/issuu.com\/ordinemedicifrosinone\/docs\/rassegna_festival_2022\" target=\"_blank\">PRESS REVIEW<\/a>\t\t\t<\/div>\n\t\t\t\t\t<\/div>\n\t\t<div class=\"row\">\n\t\t\t\n<section class=\"section align\">\n\t<div class=\"container\">\n\t\t\t<div class=\"row\">\n\t\t\t<div class=\"col-12\">\n\t\t\t\n\t\t\t\t\t<\/div>\n\t\t\t<\/div>\n\t\t<div class=\"row\">\n\t\t\t\n\n<div class=\"wp-block-columns is-layout-flex wp-container-core-columns-is-layout-1 wp-block-columns-is-layout-flex\">\n<div class=\"wp-block-column is-layout-flow wp-block-column-is-layout-flow\"><div class=\"swiper-slider gallery gallery align\">\n\t<div class=\"swiper\" data-gallery-id=\"block_dd416aae957a9173b166630bba95ed16\">\n\t \t<div class=\"swiper-wrapper\">\n\t\t\t        <div class=\"swiper-slide\">\n\t\t\t\t<a data-fslightbox href=\"https:\/\/www.festivaldelladiplomazia.eu\/wp-content\/uploads\/2022\/10\/02B4814-scaled.jpg\">\t\t\t\t\t<img decoding=\"async\" src=\"https:\/\/www.festivaldelladiplomazia.eu\/wp-content\/uploads\/2022\/10\/02B4814-scaled.jpg\" width=\"\" height=\"\" alt=\"\">\n\t\t\t\t<\/a>\t\t\t<\/div>\n\t\t\t        <div class=\"swiper-slide\">\n\t\t\t\t<a data-fslightbox href=\"https:\/\/www.festivaldelladiplomazia.eu\/wp-content\/uploads\/2022\/10\/02B4800-scaled.jpg\">\t\t\t\t\t<img decoding=\"async\" src=\"https:\/\/www.festivaldelladiplomazia.eu\/wp-content\/uploads\/2022\/10\/02B4800-scaled.jpg\" width=\"\" height=\"\" alt=\"\">\n\t\t\t\t<\/a>\t\t\t<\/div>\n\t\t\t        <div class=\"swiper-slide\">\n\t\t\t\t<a data-fslightbox href=\"https:\/\/www.festivaldelladiplomazia.eu\/wp-content\/uploads\/2022\/10\/02B4791-scaled.jpg\">\t\t\t\t\t<img decoding=\"async\" src=\"https:\/\/www.festivaldelladiplomazia.eu\/wp-content\/uploads\/2022\/10\/02B4791-scaled.jpg\" width=\"\" height=\"\" alt=\"\">\n\t\t\t\t<\/a>\t\t\t<\/div>\n\t\t\t        <div class=\"swiper-slide\">\n\t\t\t\t<a data-fslightbox href=\"https:\/\/www.festivaldelladiplomazia.eu\/wp-content\/uploads\/2022\/10\/02B4743-scaled.jpg\">\t\t\t\t\t<img decoding=\"async\" src=\"https:\/\/www.festivaldelladiplomazia.eu\/wp-content\/uploads\/2022\/10\/02B4743-scaled.jpg\" width=\"\" height=\"\" alt=\"\">\n\t\t\t\t<\/a>\t\t\t<\/div>\n\t\t\t        <div class=\"swiper-slide\">\n\t\t\t\t<a data-fslightbox href=\"https:\/\/www.festivaldelladiplomazia.eu\/wp-content\/uploads\/2022\/10\/02B4690-scaled.jpg\">\t\t\t\t\t<img decoding=\"async\" src=\"https:\/\/www.festivaldelladiplomazia.eu\/wp-content\/uploads\/2022\/10\/02B4690-scaled.jpg\" width=\"\" height=\"\" alt=\"\">\n\t\t\t\t<\/a>\t\t\t<\/div>\n\t\t\t\t<\/div>\n\t<\/div>\n\t<button class=\"swiper-button-prev\" data-gallery-id=\"block_dd416aae957a9173b166630bba95ed16\"><\/button>\n\t<button class=\"swiper-button-next\" data-gallery-id=\"block_dd416aae957a9173b166630bba95ed16\"><\/button>\n\t<div class=\"swiper-pagination\" data-gallery-id=\"block_dd416aae957a9173b166630bba95ed16\"><\/div>\n<\/div>\n<\/div>\n<\/div>\n\n\n\t\t<\/div>\n\t<\/div>\n<\/section>\n\n\n\t\t<\/div>\n\t<\/div>\n<\/section>\n","protected":false},"excerpt":{"rendered":"","protected":false},"author":2,"featured_media":0,"parent":0,"menu_order":0,"comment_status":"closed","ping_status":"closed","template":"page-festival.php","meta":{"_acf_changed":false,"footnotes":""},"acf":[],"yoast_head":"<!-- This site is optimized with the Yoast SEO plugin v24.5 - https:\/\/yoast.com\/wordpress\/plugins\/seo\/ -->\n<title>2022: TRANSITIONS AND CONTRADICTIONS Is No Change an Option?<\/title>\n<meta name=\"description\" content=\"The concept of change, in all its meanings, has never been so current, from climate transformations, among the great challenges of our time, to the new routes that the post-pandemic world will have to face in the transition towards new geopolitical and economic balances.\" \/>\n<meta name=\"robots\" content=\"index, follow, max-snippet:-1, max-image-preview:large, max-video-preview:-1\" \/>\n<link rel=\"canonical\" href=\"https:\/\/www.festivaldelladiplomazia.eu\/en\/2022-transitions-and-contradictions-is-no-change-an-option\/\" \/>\n<meta property=\"og:locale\" content=\"en_US\" \/>\n<meta property=\"og:type\" content=\"article\" \/>\n<meta property=\"og:title\" content=\"2022: TRANSITIONS AND CONTRADICTIONS Is No Change an Option?\" \/>\n<meta property=\"og:description\" content=\"The concept of change, in all its meanings, has never been so current, from climate transformations, among the great challenges of our time, to the new routes that the post-pandemic world will have to face in the transition towards new geopolitical and economic balances.\" \/>\n<meta property=\"og:url\" content=\"https:\/\/www.festivaldelladiplomazia.eu\/en\/2022-transitions-and-contradictions-is-no-change-an-option\/\" \/>\n<meta property=\"og:site_name\" content=\"Festival della Diplomazia\" \/>\n<meta property=\"article:modified_time\" content=\"2024-02-01T09:13:09+00:00\" \/>\n<meta name=\"twitter:card\" content=\"summary_large_image\" \/>\n<script type=\"application\/ld+json\" class=\"yoast-schema-graph\">{\"@context\":\"https:\/\/schema.org\",\"@graph\":[{\"@type\":\"WebPage\",\"@id\":\"https:\/\/www.festivaldelladiplomazia.eu\/en\/2022-transitions-and-contradictions-is-no-change-an-option\/\",\"url\":\"https:\/\/www.festivaldelladiplomazia.eu\/en\/2022-transitions-and-contradictions-is-no-change-an-option\/\",\"name\":\"2022: TRANSITIONS AND CONTRADICTIONS Is No Change an Option?\",\"isPartOf\":{\"@id\":\"https:\/\/www.festivaldelladiplomazia.eu\/#website\"},\"datePublished\":\"2023-01-31T09:47:58+00:00\",\"dateModified\":\"2024-02-01T09:13:09+00:00\",\"description\":\"The concept of change, in all its meanings, has never been so current, from climate transformations, among the great challenges of our time, to the new routes that the post-pandemic world will have to face in the transition towards new geopolitical and economic balances.\",\"breadcrumb\":{\"@id\":\"https:\/\/www.festivaldelladiplomazia.eu\/en\/2022-transitions-and-contradictions-is-no-change-an-option\/#breadcrumb\"},\"inLanguage\":\"en-US\",\"potentialAction\":[{\"@type\":\"ReadAction\",\"target\":[\"https:\/\/www.festivaldelladiplomazia.eu\/en\/2022-transitions-and-contradictions-is-no-change-an-option\/\"]}]},{\"@type\":\"BreadcrumbList\",\"@id\":\"https:\/\/www.festivaldelladiplomazia.eu\/en\/2022-transitions-and-contradictions-is-no-change-an-option\/#breadcrumb\",\"itemListElement\":[{\"@type\":\"ListItem\",\"position\":1,\"name\":\"Home\",\"item\":\"https:\/\/www.festivaldelladiplomazia.eu\/en\/\"},{\"@type\":\"ListItem\",\"position\":2,\"name\":\"2022: TRANSITIONS AND CONTRADICTIONS Is No Change an Option?\"}]},{\"@type\":\"WebSite\",\"@id\":\"https:\/\/www.festivaldelladiplomazia.eu\/#website\",\"url\":\"https:\/\/www.festivaldelladiplomazia.eu\/\",\"name\":\"Festival della Diplomazia\",\"description\":\"\",\"potentialAction\":[{\"@type\":\"SearchAction\",\"target\":{\"@type\":\"EntryPoint\",\"urlTemplate\":\"https:\/\/www.festivaldelladiplomazia.eu\/?s={search_term_string}\"},\"query-input\":{\"@type\":\"PropertyValueSpecification\",\"valueRequired\":true,\"valueName\":\"search_term_string\"}}],\"inLanguage\":\"en-US\"}]}<\/script>\n<!-- \/ Yoast SEO plugin. -->","yoast_head_json":{"title":"2022: TRANSITIONS AND CONTRADICTIONS Is No Change an Option?","description":"The concept of change, in all its meanings, has never been so current, from climate transformations, among the great challenges of our time, to the new routes that the post-pandemic world will have to face in the transition towards new geopolitical and economic balances.","robots":{"index":"index","follow":"follow","max-snippet":"max-snippet:-1","max-image-preview":"max-image-preview:large","max-video-preview":"max-video-preview:-1"},"canonical":"https:\/\/www.festivaldelladiplomazia.eu\/en\/2022-transitions-and-contradictions-is-no-change-an-option\/","og_locale":"en_US","og_type":"article","og_title":"2022: TRANSITIONS AND CONTRADICTIONS Is No Change an Option?","og_description":"The concept of change, in all its meanings, has never been so current, from climate transformations, among the great challenges of our time, to the new routes that the post-pandemic world will have to face in the transition towards new geopolitical and economic balances.","og_url":"https:\/\/www.festivaldelladiplomazia.eu\/en\/2022-transitions-and-contradictions-is-no-change-an-option\/","og_site_name":"Festival della Diplomazia","article_modified_time":"2024-02-01T09:13:09+00:00","twitter_card":"summary_large_image","schema":{"@context":"https:\/\/schema.org","@graph":[{"@type":"WebPage","@id":"https:\/\/www.festivaldelladiplomazia.eu\/en\/2022-transitions-and-contradictions-is-no-change-an-option\/","url":"https:\/\/www.festivaldelladiplomazia.eu\/en\/2022-transitions-and-contradictions-is-no-change-an-option\/","name":"2022: TRANSITIONS AND CONTRADICTIONS Is No Change an Option?","isPartOf":{"@id":"https:\/\/www.festivaldelladiplomazia.eu\/#website"},"datePublished":"2023-01-31T09:47:58+00:00","dateModified":"2024-02-01T09:13:09+00:00","description":"The concept of change, in all its meanings, has never been so current, from climate transformations, among the great challenges of our time, to the new routes that the post-pandemic world will have to face in the transition towards new geopolitical and economic balances.","breadcrumb":{"@id":"https:\/\/www.festivaldelladiplomazia.eu\/en\/2022-transitions-and-contradictions-is-no-change-an-option\/#breadcrumb"},"inLanguage":"en-US","potentialAction":[{"@type":"ReadAction","target":["https:\/\/www.festivaldelladiplomazia.eu\/en\/2022-transitions-and-contradictions-is-no-change-an-option\/"]}]},{"@type":"BreadcrumbList","@id":"https:\/\/www.festivaldelladiplomazia.eu\/en\/2022-transitions-and-contradictions-is-no-change-an-option\/#breadcrumb","itemListElement":[{"@type":"ListItem","position":1,"name":"Home","item":"https:\/\/www.festivaldelladiplomazia.eu\/en\/"},{"@type":"ListItem","position":2,"name":"2022: TRANSITIONS AND CONTRADICTIONS Is No Change an Option?"}]},{"@type":"WebSite","@id":"https:\/\/www.festivaldelladiplomazia.eu\/#website","url":"https:\/\/www.festivaldelladiplomazia.eu\/","name":"Festival della Diplomazia","description":"","potentialAction":[{"@type":"SearchAction","target":{"@type":"EntryPoint","urlTemplate":"https:\/\/www.festivaldelladiplomazia.eu\/?s={search_term_string}"},"query-input":{"@type":"PropertyValueSpecification","valueRequired":true,"valueName":"search_term_string"}}],"inLanguage":"en-US"}]}},"_links":{"self":[{"href":"https:\/\/www.festivaldelladiplomazia.eu\/en\/wp-json\/wp\/v2\/pages\/12664"}],"collection":[{"href":"https:\/\/www.festivaldelladiplomazia.eu\/en\/wp-json\/wp\/v2\/pages"}],"about":[{"href":"https:\/\/www.festivaldelladiplomazia.eu\/en\/wp-json\/wp\/v2\/types\/page"}],"author":[{"embeddable":true,"href":"https:\/\/www.festivaldelladiplomazia.eu\/en\/wp-json\/wp\/v2\/users\/2"}],"replies":[{"embeddable":true,"href":"https:\/\/www.festivaldelladiplomazia.eu\/en\/wp-json\/wp\/v2\/comments?post=12664"}],"version-history":[{"count":6,"href":"https:\/\/www.festivaldelladiplomazia.eu\/en\/wp-json\/wp\/v2\/pages\/12664\/revisions"}],"predecessor-version":[{"id":18455,"href":"https:\/\/www.festivaldelladiplomazia.eu\/en\/wp-json\/wp\/v2\/pages\/12664\/revisions\/18455"}],"wp:attachment":[{"href":"https:\/\/www.festivaldelladiplomazia.eu\/en\/wp-json\/wp\/v2\/media?parent=12664"}],"curies":[{"name":"wp","href":"https:\/\/api.w.org\/{rel}","templated":true}]}}