{"id":12671,"date":"2023-07-07T14:29:39","date_gmt":"2023-07-07T12:29:39","guid":{"rendered":"https:\/\/www.festivaldelladiplomazia.eu\/?page_id=12671"},"modified":"2023-10-02T15:25:14","modified_gmt":"2023-10-02T13:25:14","slug":"against-all-odds-betting-on-the-human-factor-in-a-machine-world","status":"publish","type":"page","link":"https:\/\/www.festivaldelladiplomazia.eu\/en\/against-all-odds-betting-on-the-human-factor-in-a-machine-world\/","title":{"rendered":"2023: AGAINST ALL ODDS <br>Betting on the human factor in a machine World"},"content":{"rendered":"<section class=\"section align\">\n\t<div class=\"container\">\n\t\t\t<div class=\"row\">\n\t\t\t<div class=\"col-12\">\n\t\t\t\t\t\t\t\t\t<h2>XIV EDITION OF DIPLOMACY FESTIVAL<\/h2>\n\t\t\t\t\t\t\t\t\t\t\t\t\t<h4>19 &#8211; 27 October 2023<\/h4>\n\t\t\t\t\t\t\t<\/div>\n\t\t<\/div>\n\t\t\t<div class=\"row\">\n\t\t\t<div class=\"col-12\">\n\t\t\t<p>In un&#8217;epoca scandita da mutamenti e innovazioni radicali legati allo sviluppo di tecnologie sempre pi\u00f9 potenti, dall\u2019Europa e dai governi nazionali giunge un\u2019inarrestabile spinta verso l\u2019adozione e l\u2019adesione a nuove modalit\u00e0 operative dettate dalla tecnologia e in particolare dagli algoritmi.<\/p>\n<p>Obiettivo della XIV edizione del Festival della Diplomazia \u00e8 riportare l&#8217;attenzione del dibattito sull\u2019individuo e sui suoi diritti fondamentali. La sostenibilit\u00e0 economica e ambientale del nostro futuro si basa infatti &#8211; oltre che sull\u2019adozione di nuove tecnologie &#8211; anche sugli investimenti rivolti allo sviluppo di nuove skills e competences e sulla riqualificazione della forza lavoro globale, delle Istituzioni, delle Aziende e delle Comunit\u00e0 in tutto il mondo.<\/p>\n<p>Questo approccio vale sicuramente anche per la Diplomazia e per il settore delle Relazioni Internazionali, e particolarmente alla luce delle crisi emerse a seguito della pandemia e della brutale aggressione dell&#8217;Ucraina. Quali sono dunque le azioni da intraprendere per governare e affrontare i cambiamenti che ci attendono?<\/p>\n<p>9 giorni di conferenze, dibattiti, presentazioni in cui il mondo della Diplomazia si confronter\u00e0 con Universit\u00e0, Aziende e Istituzioni pubbliche e private, Societ\u00e0 Civile in specifici momenti volti a interpretare le dinamiche e gli interessi in gioco.<\/p>\n\n\t\t\t<a class=\"btn\" href=\"https:\/\/www.festivaldelladiplomazia.eu\/wp-content\/uploads\/2023\/07\/CONCEPT_2023_EN.pdf\" target=\"_blank\">CONCEPT 2023<\/a>\t\t<\/div>\n\t\t\t<\/div>\n\t\t<div class=\"row\">\n\t\t\t\n\t\t<\/div>\n\t<\/div>\n<\/section>\n<section class=\"section mt-0 mp-0 pb-0 align\">\n\t<div class=\"container\">\n\t\t\t<div class=\"row\">\n\t\t\t<div class=\"col-12\">\n\t\t\t\n\t\t\t\t\t<\/div>\n\t\t\t<\/div>\n\t\t<div class=\"row\">\n\t\t\t\n\n<h2 class=\"wp-block-heading\">The program is being updated<\/h2>\n\n\n\t\t<\/div>\n\t<\/div>\n<\/section>\n","protected":false},"excerpt":{"rendered":"","protected":false},"author":2,"featured_media":0,"parent":0,"menu_order":0,"comment_status":"closed","ping_status":"closed","template":"page-festival.php","meta":{"_acf_changed":false,"footnotes":""},"acf":[],"yoast_head":"<!-- This site is optimized with the Yoast SEO plugin v24.5 - https:\/\/yoast.com\/wordpress\/plugins\/seo\/ -->\n<title>2023: AGAINST ALL ODDS Betting on the human factor in a machine World - Festival della Diplomazia<\/title>\n<meta name=\"description\" content=\"Betting on the human factor in a machine World\" \/>\n<meta name=\"robots\" content=\"index, follow, max-snippet:-1, max-image-preview:large, max-video-preview:-1\" \/>\n<link rel=\"canonical\" href=\"https:\/\/www.festivaldelladiplomazia.eu\/en\/against-all-odds-betting-on-the-human-factor-in-a-machine-world\/\" \/>\n<meta property=\"og:locale\" content=\"en_US\" \/>\n<meta property=\"og:type\" content=\"article\" \/>\n<meta property=\"og:title\" content=\"2023: AGAINST ALL ODDS Betting on the human factor in a machine World - Festival della Diplomazia\" \/>\n<meta property=\"og:description\" content=\"Betting on the human factor in a machine World\" \/>\n<meta property=\"og:url\" content=\"https:\/\/www.festivaldelladiplomazia.eu\/en\/against-all-odds-betting-on-the-human-factor-in-a-machine-world\/\" \/>\n<meta property=\"og:site_name\" content=\"Festival della Diplomazia\" \/>\n<meta property=\"article:modified_time\" content=\"2023-10-02T13:25:14+00:00\" \/>\n<meta name=\"twitter:card\" content=\"summary_large_image\" \/>\n<script type=\"application\/ld+json\" class=\"yoast-schema-graph\">{\"@context\":\"https:\/\/schema.org\",\"@graph\":[{\"@type\":\"WebPage\",\"@id\":\"https:\/\/www.festivaldelladiplomazia.eu\/en\/against-all-odds-betting-on-the-human-factor-in-a-machine-world\/\",\"url\":\"https:\/\/www.festivaldelladiplomazia.eu\/en\/against-all-odds-betting-on-the-human-factor-in-a-machine-world\/\",\"name\":\"2023: AGAINST ALL ODDS Betting on the human factor in a machine World - Festival della Diplomazia\",\"isPartOf\":{\"@id\":\"https:\/\/www.festivaldelladiplomazia.eu\/#website\"},\"datePublished\":\"2023-07-07T12:29:39+00:00\",\"dateModified\":\"2023-10-02T13:25:14+00:00\",\"description\":\"Betting on the human factor in a machine World\",\"breadcrumb\":{\"@id\":\"https:\/\/www.festivaldelladiplomazia.eu\/en\/against-all-odds-betting-on-the-human-factor-in-a-machine-world\/#breadcrumb\"},\"inLanguage\":\"en-US\",\"potentialAction\":[{\"@type\":\"ReadAction\",\"target\":[\"https:\/\/www.festivaldelladiplomazia.eu\/en\/against-all-odds-betting-on-the-human-factor-in-a-machine-world\/\"]}]},{\"@type\":\"BreadcrumbList\",\"@id\":\"https:\/\/www.festivaldelladiplomazia.eu\/en\/against-all-odds-betting-on-the-human-factor-in-a-machine-world\/#breadcrumb\",\"itemListElement\":[{\"@type\":\"ListItem\",\"position\":1,\"name\":\"Home\",\"item\":\"https:\/\/www.festivaldelladiplomazia.eu\/en\/\"},{\"@type\":\"ListItem\",\"position\":2,\"name\":\"2023: AGAINST ALL ODDS Betting on the human factor in a machine World\"}]},{\"@type\":\"WebSite\",\"@id\":\"https:\/\/www.festivaldelladiplomazia.eu\/#website\",\"url\":\"https:\/\/www.festivaldelladiplomazia.eu\/\",\"name\":\"Festival della Diplomazia\",\"description\":\"\",\"potentialAction\":[{\"@type\":\"SearchAction\",\"target\":{\"@type\":\"EntryPoint\",\"urlTemplate\":\"https:\/\/www.festivaldelladiplomazia.eu\/?s={search_term_string}\"},\"query-input\":{\"@type\":\"PropertyValueSpecification\",\"valueRequired\":true,\"valueName\":\"search_term_string\"}}],\"inLanguage\":\"en-US\"}]}<\/script>\n<!-- \/ Yoast SEO plugin. -->","yoast_head_json":{"title":"2023: AGAINST ALL ODDS Betting on the human factor in a machine World - Festival della Diplomazia","description":"Betting on the human factor in a machine World","robots":{"index":"index","follow":"follow","max-snippet":"max-snippet:-1","max-image-preview":"max-image-preview:large","max-video-preview":"max-video-preview:-1"},"canonical":"https:\/\/www.festivaldelladiplomazia.eu\/en\/against-all-odds-betting-on-the-human-factor-in-a-machine-world\/","og_locale":"en_US","og_type":"article","og_title":"2023: AGAINST ALL ODDS Betting on the human factor in a machine World - Festival della Diplomazia","og_description":"Betting on the human factor in a machine World","og_url":"https:\/\/www.festivaldelladiplomazia.eu\/en\/against-all-odds-betting-on-the-human-factor-in-a-machine-world\/","og_site_name":"Festival della Diplomazia","article_modified_time":"2023-10-02T13:25:14+00:00","twitter_card":"summary_large_image","schema":{"@context":"https:\/\/schema.org","@graph":[{"@type":"WebPage","@id":"https:\/\/www.festivaldelladiplomazia.eu\/en\/against-all-odds-betting-on-the-human-factor-in-a-machine-world\/","url":"https:\/\/www.festivaldelladiplomazia.eu\/en\/against-all-odds-betting-on-the-human-factor-in-a-machine-world\/","name":"2023: AGAINST ALL ODDS Betting on the human factor in a machine World - Festival della Diplomazia","isPartOf":{"@id":"https:\/\/www.festivaldelladiplomazia.eu\/#website"},"datePublished":"2023-07-07T12:29:39+00:00","dateModified":"2023-10-02T13:25:14+00:00","description":"Betting on the human factor in a machine World","breadcrumb":{"@id":"https:\/\/www.festivaldelladiplomazia.eu\/en\/against-all-odds-betting-on-the-human-factor-in-a-machine-world\/#breadcrumb"},"inLanguage":"en-US","potentialAction":[{"@type":"ReadAction","target":["https:\/\/www.festivaldelladiplomazia.eu\/en\/against-all-odds-betting-on-the-human-factor-in-a-machine-world\/"]}]},{"@type":"BreadcrumbList","@id":"https:\/\/www.festivaldelladiplomazia.eu\/en\/against-all-odds-betting-on-the-human-factor-in-a-machine-world\/#breadcrumb","itemListElement":[{"@type":"ListItem","position":1,"name":"Home","item":"https:\/\/www.festivaldelladiplomazia.eu\/en\/"},{"@type":"ListItem","position":2,"name":"2023: AGAINST ALL ODDS Betting on the human factor in a machine World"}]},{"@type":"WebSite","@id":"https:\/\/www.festivaldelladiplomazia.eu\/#website","url":"https:\/\/www.festivaldelladiplomazia.eu\/","name":"Festival della Diplomazia","description":"","potentialAction":[{"@type":"SearchAction","target":{"@type":"EntryPoint","urlTemplate":"https:\/\/www.festivaldelladiplomazia.eu\/?s={search_term_string}"},"query-input":{"@type":"PropertyValueSpecification","valueRequired":true,"valueName":"search_term_string"}}],"inLanguage":"en-US"}]}},"_links":{"self":[{"href":"https:\/\/www.festivaldelladiplomazia.eu\/en\/wp-json\/wp\/v2\/pages\/12671"}],"collection":[{"href":"https:\/\/www.festivaldelladiplomazia.eu\/en\/wp-json\/wp\/v2\/pages"}],"about":[{"href":"https:\/\/www.festivaldelladiplomazia.eu\/en\/wp-json\/wp\/v2\/types\/page"}],"author":[{"embeddable":true,"href":"https:\/\/www.festivaldelladiplomazia.eu\/en\/wp-json\/wp\/v2\/users\/2"}],"replies":[{"embeddable":true,"href":"https:\/\/www.festivaldelladiplomazia.eu\/en\/wp-json\/wp\/v2\/comments?post=12671"}],"version-history":[{"count":17,"href":"https:\/\/www.festivaldelladiplomazia.eu\/en\/wp-json\/wp\/v2\/pages\/12671\/revisions"}],"predecessor-version":[{"id":13964,"href":"https:\/\/www.festivaldelladiplomazia.eu\/en\/wp-json\/wp\/v2\/pages\/12671\/revisions\/13964"}],"wp:attachment":[{"href":"https:\/\/www.festivaldelladiplomazia.eu\/en\/wp-json\/wp\/v2\/media?parent=12671"}],"curies":[{"name":"wp","href":"https:\/\/api.w.org\/{rel}","templated":true}]}}